{"id":71,"date":"2017-09-17T00:15:26","date_gmt":"2017-09-16T22:15:26","guid":{"rendered":"http:\/\/localhost\/wordpress\/?page_id=71"},"modified":"2018-05-07T20:51:37","modified_gmt":"2018-05-07T20:51:37","slug":"impressum","status":"publish","type":"page","link":"https:\/\/abteilung-wort.de\/es\/impressum\/","title":{"rendered":"Aviso Legal"},"content":{"rendered":"<p>Los contenidos de este sitio web son responsabilidad de:<\/p>\n<p>Irene Reinhold<br \/>\nLef\u00e8vrestr. 10<br \/>\nD-12161 Berlin<br \/>\nTel. +49 (0)176 3908 3964<\/p>\n<p>letterbox(at)abteilung-wort.de<\/p>\n<p>Abteilung Word es titular de todos los derechos de propiedad intelectual e industrial de su p\u00e1gina web, as\u00ed como de los elementos contenidos en la misma.<\/p>\n<p>Todos los derechos reservados. En virtud de la Ley de Propiedad Intelectual, quedan expresamente prohibidas la reproducci\u00f3n, la distribuci\u00f3n y la comunicaci\u00f3n p\u00fablica, incluida su modalidad de puesta a disposici\u00f3n, de la totalidad o parte de los contenidos de esta p\u00e1gina web, con fines comerciales, en cualquier soporte y por cualquier medio t\u00e9cnico, sin la autorizaci\u00f3n de Abteilung Wort. Podr\u00e1 visualizar los elementos del portal e incluso imprimirlos, copiarlos y almacenarlos en el disco duro de su ordenador o en cualquier otro soporte f\u00edsico siempre y cuando sea, \u00fanica y exclusivamente, para su uso personal y privado.<\/p>\n<p>EXCLUSI\u00d3N DE GARANT\u00cdAS Y RESPONSABILIDAD<\/p>\n<p>Abteilung Wort no se hace responsable, en ning\u00fan caso, de los da\u00f1os y perjuicios de cualquier naturaleza que pudieran ocasionar, a t\u00edtulo enunciativo: errores u omisiones en los contenidos, falta de disponibilidad del portal o la transmisi\u00f3n de virus o programas maliciosos o lesivos en los contenidos, a pesar de haber adoptado todas las medidas tecnol\u00f3gicas necesarias para evitarlo.<\/p>\n<p>MODIFICACIONES<\/p>\n<p>Abteilung Wort se reserva el derecho de efectuar sin previo aviso las modificaciones que considere oportunas en su portal, pudiendo cambiar, suprimir o a\u00f1adir tanto los contenidos y servicios que se presten a trav\u00e9s de la misma como la forma en la que \u00e9stos aparezcan presentados o localizados en su portal.<\/p>\n<p>ENLACES<\/p>\n<p>En el caso de que en www.abteilung-wort.de se dispusiesen enlaces o hiperv\u00ednculos hac\u00eda otros sitios de Internet, la Asociaci\u00f3n Paraguayo Alemana no ejercer\u00e1 ning\u00fan tipo de control sobre dichos sitios y contenidos. En ning\u00fan caso Abteilung Wort asumir\u00e1 responsabilidad alguna por los contenidos de alg\u00fan enlace perteneciente a un sitio web ajeno, ni garantizar\u00e1 la disponibilidad t\u00e9cnica, calidad, fiabilidad, exactitud, amplitud, veracidad, validez y constitucionalidad de cualquier material o informaci\u00f3n contenida en ninguno de dichos hiperv\u00ednculos u otros sitios de Internet. Igualmente la inclusi\u00f3n de estas conexiones externas no implicar\u00e1 ning\u00fan tipo de asociaci\u00f3n, fusi\u00f3n o participaci\u00f3n con las entidades conectadas.<\/p>\n","protected":false},"excerpt":{"rendered":"<p>Los contenidos de este sitio web son responsabilidad de: Irene Reinhold Lef\u00e8vrestr. 10 D-12161 Berlin Tel. +49 (0)176 3908 3964 letterbox(at)abteilung-wort.de Abteilung Word es titular de todos los derechos de propiedad intelectual e industrial de su p\u00e1gina web, as\u00ed como de los elementos contenidos en la misma. Todos los derechos reservados. En virtud de la&#8230;<\/p>\n","protected":false},"author":1,"featured_media":0,"parent":0,"menu_order":0,"comment_status":"closed","ping_status":"closed","template":"","meta":{"footnotes":""},"class_list":["post-71","page","type-page","status-publish","hentry"],"translation":{"provider":"WPGlobus","version":"3.0.2","language":"es","enabled_languages":["de","es","en"],"languages":{"de":{"title":true,"content":true,"excerpt":false},"es":{"title":true,"content":true,"excerpt":false},"en":{"title":true,"content":true,"excerpt":false}}},"_links":{"self":[{"href":"https:\/\/abteilung-wort.de\/es\/wp-json\/wp\/v2\/pages\/71","targetHints":{"allow":["GET"]}}],"collection":[{"href":"https:\/\/abteilung-wort.de\/es\/wp-json\/wp\/v2\/pages"}],"about":[{"href":"https:\/\/abteilung-wort.de\/es\/wp-json\/wp\/v2\/types\/page"}],"author":[{"embeddable":true,"href":"https:\/\/abteilung-wort.de\/es\/wp-json\/wp\/v2\/users\/1"}],"replies":[{"embeddable":true,"href":"https:\/\/abteilung-wort.de\/es\/wp-json\/wp\/v2\/comments?post=71"}],"version-history":[{"count":2,"href":"https:\/\/abteilung-wort.de\/es\/wp-json\/wp\/v2\/pages\/71\/revisions"}],"predecessor-version":[{"id":237,"href":"https:\/\/abteilung-wort.de\/es\/wp-json\/wp\/v2\/pages\/71\/revisions\/237"}],"wp:attachment":[{"href":"https:\/\/abteilung-wort.de\/es\/wp-json\/wp\/v2\/media?parent=71"}],"curies":[{"name":"wp","href":"https:\/\/api.w.org\/{rel}","templated":true}]}}