{"id":62,"date":"2017-09-16T23:04:47","date_gmt":"2017-09-16T21:04:47","guid":{"rendered":"http:\/\/localhost\/wordpress\/?page_id=62"},"modified":"2017-11-08T00:09:42","modified_gmt":"2017-11-08T00:09:42","slug":"texterstellung","status":"publish","type":"page","link":"https:\/\/abteilung-wort.de\/es\/texterstellung\/","title":{"rendered":"Redacci\u00f3n de textos"},"content":{"rendered":"<p>\u00a1Adoro escribir! Escribo textos period\u00edsticos, presentaciones de internet, folletos, reportes, cartas y mucho m\u00e1s. Con gusto redacto sus discursos, para que Ud. los pueda presentar.<\/p>\n<p>Escribo en espa\u00f1ol, alem\u00e1n o ingl\u00e9s, o bien en los tres idiomas a la vez.<\/p>\n<p>Tambi\u00e9n me encantar\u00e1 encargarme a largo plazo del contenido de su sitio de Internet, redacto boletines electr\u00f3nicos y noticias para que su sitio siempre est\u00e9 al d\u00eda. Por supuesto cuento con los conocimientos necesarios de sistemas de manejo de contenido (WordPress, Typo3 y otros).<\/p>\n<p>Por favor no dude en <a href=\"https:\/\/abteilung-wort.de\/es\/texterstellung\/\">escribirme<\/a>, le responder\u00e9 enseguida.<\/p>\n","protected":false},"excerpt":{"rendered":"<p>\u00a1Adoro escribir! Escribo textos period\u00edsticos, presentaciones de internet, folletos, reportes, cartas y mucho m\u00e1s. Con gusto redacto sus discursos, para que Ud. los pueda presentar. Escribo en espa\u00f1ol, alem\u00e1n o ingl\u00e9s, o bien en los tres idiomas a la vez. Tambi\u00e9n me encantar\u00e1 encargarme a largo plazo del contenido de su sitio de Internet, redacto&#8230;<\/p>\n","protected":false},"author":1,"featured_media":0,"parent":0,"menu_order":0,"comment_status":"closed","ping_status":"closed","template":"","meta":{"footnotes":""},"class_list":["post-62","page","type-page","status-publish","hentry"],"translation":{"provider":"WPGlobus","version":"3.0.2","language":"es","enabled_languages":["de","es","en"],"languages":{"de":{"title":true,"content":true,"excerpt":false},"es":{"title":true,"content":true,"excerpt":false},"en":{"title":true,"content":true,"excerpt":false}}},"_links":{"self":[{"href":"https:\/\/abteilung-wort.de\/es\/wp-json\/wp\/v2\/pages\/62","targetHints":{"allow":["GET"]}}],"collection":[{"href":"https:\/\/abteilung-wort.de\/es\/wp-json\/wp\/v2\/pages"}],"about":[{"href":"https:\/\/abteilung-wort.de\/es\/wp-json\/wp\/v2\/types\/page"}],"author":[{"embeddable":true,"href":"https:\/\/abteilung-wort.de\/es\/wp-json\/wp\/v2\/users\/1"}],"replies":[{"embeddable":true,"href":"https:\/\/abteilung-wort.de\/es\/wp-json\/wp\/v2\/comments?post=62"}],"version-history":[{"count":4,"href":"https:\/\/abteilung-wort.de\/es\/wp-json\/wp\/v2\/pages\/62\/revisions"}],"predecessor-version":[{"id":200,"href":"https:\/\/abteilung-wort.de\/es\/wp-json\/wp\/v2\/pages\/62\/revisions\/200"}],"wp:attachment":[{"href":"https:\/\/abteilung-wort.de\/es\/wp-json\/wp\/v2\/media?parent=62"}],"curies":[{"name":"wp","href":"https:\/\/api.w.org\/{rel}","templated":true}]}}