{"id":60,"date":"2017-09-16T22:59:10","date_gmt":"2017-09-16T20:59:10","guid":{"rendered":"http:\/\/localhost\/wordpress\/?page_id=60"},"modified":"2017-10-27T22:28:51","modified_gmt":"2017-10-27T22:28:51","slug":"lektorat","status":"publish","type":"page","link":"https:\/\/abteilung-wort.de\/es\/lektorat\/","title":{"rendered":"Lectorado"},"content":{"rendered":"<p><img loading=\"lazy\" decoding=\"async\" class=\"size-medium wp-image-82 alignright\" src=\"http:\/\/abteilung-wort.de\/wp-content\/uploads\/2017\/09\/sopaletras-300x280.jpeg\" alt=\"\" width=\"300\" height=\"280\" \/>\u00bfUn manuscrito? \u00bfUna tesis de licenciatura? \u00bfUn comunicado de prensa? \u00bfUn eslogan de publicidad?<br \/>\n\u00bfO una simple sopa de letras?<\/p>\n<p>Le invito a mi cocina de textos. Primero parto los trozos demasiado grandes en bocados de tama\u00f1o apropiado. Luego sintonizo los ingredientes principales de sujeto, verbo y complemento, le agrego una pizca de condimiento y remuevo los dedazos indigeribles. El plato recibir\u00e1 un toque final con una guarnici\u00f3n de comas. Este servicio se lo brindo para sus recetas espa\u00f1olas\/latinoamericanas, alemanas y, con algunas limitaciones, para determinados platos norteamericanos.<\/p>\n<p>Si Ud. lo desea, tambi\u00e9n puedo concentrar un men\u00fa de varios platos hasta el tama\u00f1o de un cubito de caldo.<\/p>\n","protected":false},"excerpt":{"rendered":"<p>\u00bfUn manuscrito? \u00bfUna tesis de licenciatura? \u00bfUn comunicado de prensa? \u00bfUn eslogan de publicidad? \u00bfO una simple sopa de letras? Le invito a mi cocina de textos. Primero parto los trozos demasiado grandes en bocados de tama\u00f1o apropiado. Luego sintonizo los ingredientes principales de sujeto, verbo y complemento, le agrego una pizca de condimiento y&#8230;<\/p>\n","protected":false},"author":1,"featured_media":0,"parent":0,"menu_order":0,"comment_status":"closed","ping_status":"closed","template":"","meta":{"footnotes":""},"class_list":["post-60","page","type-page","status-publish","hentry"],"translation":{"provider":"WPGlobus","version":"3.0.2","language":"es","enabled_languages":["de","es","en"],"languages":{"de":{"title":true,"content":true,"excerpt":false},"es":{"title":true,"content":true,"excerpt":false},"en":{"title":true,"content":true,"excerpt":false}}},"_links":{"self":[{"href":"https:\/\/abteilung-wort.de\/es\/wp-json\/wp\/v2\/pages\/60","targetHints":{"allow":["GET"]}}],"collection":[{"href":"https:\/\/abteilung-wort.de\/es\/wp-json\/wp\/v2\/pages"}],"about":[{"href":"https:\/\/abteilung-wort.de\/es\/wp-json\/wp\/v2\/types\/page"}],"author":[{"embeddable":true,"href":"https:\/\/abteilung-wort.de\/es\/wp-json\/wp\/v2\/users\/1"}],"replies":[{"embeddable":true,"href":"https:\/\/abteilung-wort.de\/es\/wp-json\/wp\/v2\/comments?post=60"}],"version-history":[{"count":2,"href":"https:\/\/abteilung-wort.de\/es\/wp-json\/wp\/v2\/pages\/60\/revisions"}],"predecessor-version":[{"id":179,"href":"https:\/\/abteilung-wort.de\/es\/wp-json\/wp\/v2\/pages\/60\/revisions\/179"}],"wp:attachment":[{"href":"https:\/\/abteilung-wort.de\/es\/wp-json\/wp\/v2\/media?parent=60"}],"curies":[{"name":"wp","href":"https:\/\/api.w.org\/{rel}","templated":true}]}}