{"id":58,"date":"2017-09-16T22:55:51","date_gmt":"2017-09-16T20:55:51","guid":{"rendered":"http:\/\/localhost\/wordpress\/?page_id=58"},"modified":"2018-02-12T09:38:10","modified_gmt":"2018-02-12T09:38:10","slug":"uebersetzungen","status":"publish","type":"page","link":"https:\/\/abteilung-wort.de\/es\/uebersetzungen\/","title":{"rendered":"Traducciones"},"content":{"rendered":"<p>Como M\u00e1ster en Filolog\u00eda Espa\u00f1ola y Ling\u00fc\u00edstica adem\u00e1s de haber pasado el examen de traductora oficial en Costa Rica, le ofrezco mis servicios especializados en la \u00abtraducci\u00f3n triangular\u00bb entre el alem\u00e1n, el espa\u00f1ol y el ingl\u00e9s.<\/p>\n<p><img loading=\"lazy\" decoding=\"async\" class=\"aligncenter wp-image-89 size-large\" src=\"http:\/\/abteilung-wort.de\/wp-content\/uploads\/2017\/09\/langenscheidt_flach-1024x262.jpg\" alt=\"Diccionario\" width=\"640\" height=\"164\" \/><\/p>\n<p>Es un hecho que la m\u00e1s alta calidad en la traducci\u00f3n se logra pasando textos de una lengua perfectamente dominada hacia la lengua madre. En muchos proyectos es una ventaja adicional poder producir textos de manera trilingual &#8211; por ejemplo cuando se elaboran p\u00e1ginas web o folletos para el turismo. En estos casos, es de suma importancia que los textos muestren una coherencia entre s\u00ed y un uso uniforme de t\u00e9rminos, el cual facilita mucho la comunicaci\u00f3n con los clientes y socios. En otros casos, puede que los consignatarios de distintas proveniencias tengan necesidades de informaci\u00f3n muy distintas entre s\u00ed, lo cual, a veces, obliga a reorganizar completamente el contenido de una presentaci\u00f3n en otra lengua.<\/p>\n<p>Para enfrentar estos retos, le ofrezco dos d\u00e9cadas de experiencia en traducci\u00f3n de diversas \u00e1reas, sobre todo las de letras y ciencias sociales\/culturales, literatura, turismo y econom\u00eda. En cuanto a g\u00e9neros de textos, me concentro en publicaciones cient\u00edficas y period\u00edsticas as\u00ed como material publicitario.<\/p>\n<p>Para la traducci\u00f3n y adaptaci\u00f3n de p\u00e1ginas web cuento con amplios conocimientos de los m\u00e1s importantes sistemas de administraci\u00f3n de contenidos (CMS).<\/p>\n<p>&nbsp;<\/p>\n","protected":false},"excerpt":{"rendered":"<p>Como M\u00e1ster en Filolog\u00eda Espa\u00f1ola y Ling\u00fc\u00edstica adem\u00e1s de haber pasado el examen de traductora oficial en Costa Rica, le ofrezco mis servicios especializados en la \u00abtraducci\u00f3n triangular\u00bb entre el alem\u00e1n, el espa\u00f1ol y el ingl\u00e9s. Es un hecho que la m\u00e1s alta calidad en la traducci\u00f3n se logra pasando textos de una lengua perfectamente&#8230;<\/p>\n","protected":false},"author":1,"featured_media":0,"parent":0,"menu_order":0,"comment_status":"closed","ping_status":"closed","template":"","meta":{"footnotes":""},"class_list":["post-58","page","type-page","status-publish","hentry"],"translation":{"provider":"WPGlobus","version":"3.0.2","language":"es","enabled_languages":["de","es","en"],"languages":{"de":{"title":true,"content":true,"excerpt":false},"es":{"title":true,"content":true,"excerpt":false},"en":{"title":true,"content":true,"excerpt":false}}},"_links":{"self":[{"href":"https:\/\/abteilung-wort.de\/es\/wp-json\/wp\/v2\/pages\/58","targetHints":{"allow":["GET"]}}],"collection":[{"href":"https:\/\/abteilung-wort.de\/es\/wp-json\/wp\/v2\/pages"}],"about":[{"href":"https:\/\/abteilung-wort.de\/es\/wp-json\/wp\/v2\/types\/page"}],"author":[{"embeddable":true,"href":"https:\/\/abteilung-wort.de\/es\/wp-json\/wp\/v2\/users\/1"}],"replies":[{"embeddable":true,"href":"https:\/\/abteilung-wort.de\/es\/wp-json\/wp\/v2\/comments?post=58"}],"version-history":[{"count":2,"href":"https:\/\/abteilung-wort.de\/es\/wp-json\/wp\/v2\/pages\/58\/revisions"}],"predecessor-version":[{"id":227,"href":"https:\/\/abteilung-wort.de\/es\/wp-json\/wp\/v2\/pages\/58\/revisions\/227"}],"wp:attachment":[{"href":"https:\/\/abteilung-wort.de\/es\/wp-json\/wp\/v2\/media?parent=58"}],"curies":[{"name":"wp","href":"https:\/\/api.w.org\/{rel}","templated":true}]}}