{"id":56,"date":"2017-09-16T22:49:09","date_gmt":"2017-09-16T20:49:09","guid":{"rendered":"http:\/\/localhost\/wordpress\/?page_id=56"},"modified":"2017-11-07T23:20:18","modified_gmt":"2017-11-07T23:20:18","slug":"leistungen","status":"publish","type":"page","link":"https:\/\/abteilung-wort.de\/es\/leistungen\/","title":{"rendered":"Servicios"},"content":{"rendered":"<p>Le ofrezco un servicio triling\u00fce (espa\u00f1ol, alem\u00e1n, ingl\u00e9s) especialmente para textos que tengan una funci\u00f3n de puente entre Am\u00e9rica Latina y Alemania.<\/p>\n<p>Mis servicios comprenden tres niveles de elaboraci\u00f3n de textos:<\/p>\n<p><a href=\"https:\/\/abteilung-wort.de\/es\/uebersetzungen\/\">Traducci\u00f3n cl\u00e1sica<\/a>: Ud. me da un texto y se lo traduzco al idioma deseado.<\/p>\n<p><a href=\"https:\/\/abteilung-wort.de\/es\/lektorat\/\">Lectorado:<\/a> Ud. me da un esbozo de un texto y le doy el toque final para su publicaci\u00f3n.<\/p>\n<p><a href=\"https:\/\/abteilung-wort.de\/es\/texterstellung\/\">Redacci\u00f3n:<\/a> Ud. me da una idea y le redacto el texto completo.<\/p>\n<p>Mis clientes son empresas, organizaciones as\u00ed como personas individuales activas por ambos lados del Atl\u00e1ntico, quienes necesitan un servicio que toma en cuenta la cultura y forma de pensar del lector respectivo. Tr\u00e1tese de un texto publicitario, instrucciones de empleo, un contrato o una novela, siempre el receptor de su texto no solo necesita una traducci\u00f3n literalmente fiel al original a su idioma, sino que debe entender lo que Ud. realmente le quiere decir.<\/p>\n<p>En estas p\u00e1ginas tambi\u00e9n le invito a echar un vistazo sobre mi <a href=\"https:\/\/abteilung-wort.de\/es\/ueber-mich\/\">experiencia profesional<\/a> y algunos <a href=\"https:\/\/abteilung-wort.de\/es\/projekte-referenzen\/\">proyectos particulares<\/a>.<\/p>\n<p>&nbsp;<\/p>\n<p>Por supuesto los servicios mencionados se pueden combinar a su gusto. Por favor no dude en <a href=\"https:\/\/abteilung-wort.de\/es\/kontakt\/\">contactarme<\/a>, con gusto atender\u00e9 sus preguntas.<\/p>\n","protected":false},"excerpt":{"rendered":"<p>Le ofrezco un servicio triling\u00fce (espa\u00f1ol, alem\u00e1n, ingl\u00e9s) especialmente para textos que tengan una funci\u00f3n de puente entre Am\u00e9rica Latina y Alemania. Mis servicios comprenden tres niveles de elaboraci\u00f3n de textos: Traducci\u00f3n cl\u00e1sica: Ud. me da un texto y se lo traduzco al idioma deseado. Lectorado: Ud. me da un esbozo de un texto y&#8230;<\/p>\n","protected":false},"author":1,"featured_media":0,"parent":0,"menu_order":0,"comment_status":"closed","ping_status":"closed","template":"","meta":{"footnotes":""},"class_list":["post-56","page","type-page","status-publish","hentry"],"translation":{"provider":"WPGlobus","version":"3.0.2","language":"es","enabled_languages":["de","es","en"],"languages":{"de":{"title":true,"content":true,"excerpt":false},"es":{"title":true,"content":true,"excerpt":false},"en":{"title":true,"content":true,"excerpt":false}}},"_links":{"self":[{"href":"https:\/\/abteilung-wort.de\/es\/wp-json\/wp\/v2\/pages\/56","targetHints":{"allow":["GET"]}}],"collection":[{"href":"https:\/\/abteilung-wort.de\/es\/wp-json\/wp\/v2\/pages"}],"about":[{"href":"https:\/\/abteilung-wort.de\/es\/wp-json\/wp\/v2\/types\/page"}],"author":[{"embeddable":true,"href":"https:\/\/abteilung-wort.de\/es\/wp-json\/wp\/v2\/users\/1"}],"replies":[{"embeddable":true,"href":"https:\/\/abteilung-wort.de\/es\/wp-json\/wp\/v2\/comments?post=56"}],"version-history":[{"count":3,"href":"https:\/\/abteilung-wort.de\/es\/wp-json\/wp\/v2\/pages\/56\/revisions"}],"predecessor-version":[{"id":188,"href":"https:\/\/abteilung-wort.de\/es\/wp-json\/wp\/v2\/pages\/56\/revisions\/188"}],"wp:attachment":[{"href":"https:\/\/abteilung-wort.de\/es\/wp-json\/wp\/v2\/media?parent=56"}],"curies":[{"name":"wp","href":"https:\/\/api.w.org\/{rel}","templated":true}]}}