{"id":45,"date":"2017-09-16T01:45:20","date_gmt":"2017-09-15T23:45:20","guid":{"rendered":"http:\/\/localhost\/wordpress\/?page_id=45"},"modified":"2019-01-14T10:39:36","modified_gmt":"2019-01-14T10:39:36","slug":"willkommen-in-der-abteilung-wort","status":"publish","type":"page","link":"https:\/\/abteilung-wort.de\/es\/","title":{"rendered":"Abteilung Wort &#8211; Textos para Latinoam\u00e9rica"},"content":{"rendered":"<p>Le invito a echar un vistazo a mis servicios de traducci\u00f3n, lectorado y redacci\u00f3n de textos.<\/p>\n<p>Le ofrezco una amplia gama de servicios relacionados con textos que de alguna manera conectan Alemania con Am\u00e9rica Latina. Siendo alemana con un grado de maestr\u00eda en Filolog\u00eda Espa\u00f1ola, conozco profundamente la vida y cultura de diversos pa\u00edses del otro lado del Atl\u00e1ntico y quiero servir como puente entre ambos continentes a trav\u00e9s de lo que mejor domino: escribir.<\/p>\n<p>Lea m\u00e1s en el aparte \u00absobre mi persona\u00bb para conocer algunos de mis proyectos realizados en las \u00faltimas dos d\u00e9cadas.<\/p>\n","protected":false},"excerpt":{"rendered":"<p>Le invito a echar un vistazo a mis servicios de traducci\u00f3n, lectorado y redacci\u00f3n de textos. Le ofrezco una amplia gama de servicios relacionados con textos que de alguna manera conectan Alemania con Am\u00e9rica Latina. Siendo alemana con un grado de maestr\u00eda en Filolog\u00eda Espa\u00f1ola, conozco profundamente la vida y cultura de diversos pa\u00edses del&#8230;<\/p>\n","protected":false},"author":1,"featured_media":65,"parent":0,"menu_order":0,"comment_status":"closed","ping_status":"closed","template":"","meta":{"footnotes":""},"class_list":["post-45","page","type-page","status-publish","has-post-thumbnail","hentry"],"translation":{"provider":"WPGlobus","version":"3.0.2","language":"es","enabled_languages":["de","es","en"],"languages":{"de":{"title":true,"content":true,"excerpt":false},"es":{"title":true,"content":true,"excerpt":false},"en":{"title":true,"content":true,"excerpt":false}}},"_links":{"self":[{"href":"https:\/\/abteilung-wort.de\/es\/wp-json\/wp\/v2\/pages\/45","targetHints":{"allow":["GET"]}}],"collection":[{"href":"https:\/\/abteilung-wort.de\/es\/wp-json\/wp\/v2\/pages"}],"about":[{"href":"https:\/\/abteilung-wort.de\/es\/wp-json\/wp\/v2\/types\/page"}],"author":[{"embeddable":true,"href":"https:\/\/abteilung-wort.de\/es\/wp-json\/wp\/v2\/users\/1"}],"replies":[{"embeddable":true,"href":"https:\/\/abteilung-wort.de\/es\/wp-json\/wp\/v2\/comments?post=45"}],"version-history":[{"count":2,"href":"https:\/\/abteilung-wort.de\/es\/wp-json\/wp\/v2\/pages\/45\/revisions"}],"predecessor-version":[{"id":246,"href":"https:\/\/abteilung-wort.de\/es\/wp-json\/wp\/v2\/pages\/45\/revisions\/246"}],"wp:featuredmedia":[{"embeddable":true,"href":"https:\/\/abteilung-wort.de\/es\/wp-json\/"}],"wp:attachment":[{"href":"https:\/\/abteilung-wort.de\/es\/wp-json\/wp\/v2\/media?parent=45"}],"curies":[{"name":"wp","href":"https:\/\/api.w.org\/{rel}","templated":true}]}}