{"id":100,"date":"2017-09-18T01:13:20","date_gmt":"2017-09-17T23:13:20","guid":{"rendered":"http:\/\/localhost\/wordpress\/?page_id=100"},"modified":"2022-06-03T09:01:31","modified_gmt":"2022-06-03T09:01:31","slug":"projekte-referenzen","status":"publish","type":"page","link":"https:\/\/abteilung-wort.de\/es\/projekte-referenzen\/","title":{"rendered":"Proyectos \/ referencias"},"content":{"rendered":"<p><strong>Periodismo<\/strong><\/p>\n<p><a href=\"http:\/\/www.diezeitungparaguay.com\" target=\"_blank\" rel=\"noopener\">\u00abDIE ZEITUNG\u00bb<\/a><br \/>\n\u00abDie Zeitung\u00bb es la \u00fanica revista impresa de Paraguay en lengua alemana, la cual ahora tambi\u00e9n est\u00e1 disponible en Europa, en versi\u00f3n PDF. Esta publicaci\u00f3n mensual le informa sobre las noticias m\u00e1s relevantes de Paraguay y Sudam\u00e9rica. M\u00e1s de 1.000 lectores est\u00e1n suscritos a \u00abDie Zeitung\u00bb, en su mayor\u00eda ejecutivos de empresas, del \u00e1mbito pol\u00edtico y diplom\u00e1tico as\u00ed como varios gremios importantes en Paraguay. \u00daltimamente tambi\u00e9n est\u00e1 creciendo significativamente el n\u00famero de suscripciones en Alemania, Austria y Suiza.<\/p>\n<p>Desde hace varios a\u00f1os formo parte del equipo redaccional como responsable de la secci\u00f3n cultural y al mismo tiempo atiendo a los lectores residentes en Alemania desde la oficina de Berlin de \u00abDie Zeitung\u00bb.<\/p>\n<p><strong>Traducciones publicadas<\/strong><\/p>\n<ul type=\"circle\">\n<li>Gabriela Alem\u00e1n: <em>Poso Wells <\/em>\/ Novela. Augsburg 2021: MaroVerlag<\/li>\n<li>Nelson Aguilera: <em>Blumen im Feuer<\/em> \/ Novela. Berlin 2018: BOD.<\/li>\n<li>Alberto Melloni (Hg.) <em>Martin Luther.<\/em> Berlin 2017: De Gruyter (Traducci\u00f3n del espa\u00f1ol e ingl\u00e9s al alem\u00e1n de varios art\u00edculos)<\/li>\n<li>Gunter Pauli: <em>36 F\u00e1bulas \u00abpara nunca dejar de so\u00f1ar\u00bb.<\/em> Edici\u00f3n biling\u00fce ingl\u00e9s\/alem\u00e1n (historias para ni\u00f1os y material educativo). Berl\u00edn 2011: Konvergenta Publishing.<\/li>\n<li>Wilhelm Marr: <em>Viaje a Centroam\u00e9rica.<\/em> San Jos\u00e9 2004: Editorial de la Universidad de Costa Rica.<\/li>\n<\/ul>\n<p><strong>Publicaciones cient\u00edficas<br \/>\n<\/strong><\/p>\n<ul>\n<li>\u00abEl reto de reflejar elementos biling\u00fces en traducciones del Espa\u00f1ol Paraguayo al Alem\u00e1n\u00bb, en: Instituto Yvy Mar\u00e3e\u2019\u1ef9: <em>Sexto Seminario Internacional para Traducci\u00f3n, Terminolog\u00eda y Diversidad Ling\u00fc\u00edstica. <\/em>Asunci\u00f3n 2021<\/li>\n<\/ul>\n<p><strong>Asistencia de investigaci\u00f3n y lectorado<\/strong><\/p>\n<ul type=\"circle\">\n<li>Kerstin Teicher: <em>Paraguay &#8211; Erfolg ohne Industrie? Wirtschaftsstrukturen und Praxisbeispiele<\/em>. Berl\u00edn 2014: BOD<\/li>\n<\/ul>\n<p><strong>Lectorado y aportes propios<\/strong><\/p>\n<ul type=\"circle\">\n<li>Kerstin Teicher: <em>Reisef\u00fchrer Paraguay<\/em> &#8211; Gu\u00eda de viaje. Berlin 2016: BOD<\/li>\n<li>Kerstin Teicher: <em>Kochbuch Paraguay &#8211; Landestypische Rezepte und Hintergrundinformationen<\/em>. Berlin 2014: BOD<\/li>\n<\/ul>\n","protected":false},"excerpt":{"rendered":"<p>Periodismo \u00abDIE ZEITUNG\u00bb \u00abDie Zeitung\u00bb es la \u00fanica revista impresa de Paraguay en lengua alemana, la cual ahora tambi\u00e9n est\u00e1 disponible en Europa, en versi\u00f3n PDF. Esta publicaci\u00f3n mensual le informa sobre las noticias m\u00e1s relevantes de Paraguay y Sudam\u00e9rica. M\u00e1s de 1.000 lectores est\u00e1n suscritos a \u00abDie Zeitung\u00bb, en su mayor\u00eda ejecutivos de empresas,&#8230;<\/p>\n","protected":false},"author":1,"featured_media":0,"parent":0,"menu_order":0,"comment_status":"closed","ping_status":"closed","template":"","meta":{"footnotes":""},"class_list":["post-100","page","type-page","status-publish","hentry"],"translation":{"provider":"WPGlobus","version":"3.0.2","language":"es","enabled_languages":["de","es","en"],"languages":{"de":{"title":true,"content":true,"excerpt":false},"es":{"title":true,"content":true,"excerpt":false},"en":{"title":true,"content":true,"excerpt":false}}},"_links":{"self":[{"href":"https:\/\/abteilung-wort.de\/es\/wp-json\/wp\/v2\/pages\/100","targetHints":{"allow":["GET"]}}],"collection":[{"href":"https:\/\/abteilung-wort.de\/es\/wp-json\/wp\/v2\/pages"}],"about":[{"href":"https:\/\/abteilung-wort.de\/es\/wp-json\/wp\/v2\/types\/page"}],"author":[{"embeddable":true,"href":"https:\/\/abteilung-wort.de\/es\/wp-json\/wp\/v2\/users\/1"}],"replies":[{"embeddable":true,"href":"https:\/\/abteilung-wort.de\/es\/wp-json\/wp\/v2\/comments?post=100"}],"version-history":[{"count":18,"href":"https:\/\/abteilung-wort.de\/es\/wp-json\/wp\/v2\/pages\/100\/revisions"}],"predecessor-version":[{"id":263,"href":"https:\/\/abteilung-wort.de\/es\/wp-json\/wp\/v2\/pages\/100\/revisions\/263"}],"wp:attachment":[{"href":"https:\/\/abteilung-wort.de\/es\/wp-json\/wp\/v2\/media?parent=100"}],"curies":[{"name":"wp","href":"https:\/\/api.w.org\/{rel}","templated":true}]}}